{"id":388,"date":"2025-03-18T13:23:53","date_gmt":"2025-03-18T11:23:53","guid":{"rendered":"https:\/\/uebertritt.realschule-hoechstadt.de\/?page_id=388"},"modified":"2025-04-10T13:08:54","modified_gmt":"2025-04-10T11:08:54","slug":"uebertritt-in-die-klassen-6-10","status":"publish","type":"page","link":"https:\/\/uebertritt.realschule-hoechstadt.de\/?page_id=388","title":{"rendered":"\u00dcbertritt in Klassen 6 \u2013 10"},"content":{"rendered":"<h1>&nbsp;<\/h1>\n<h1><span style=\"font-size: 30px; font-family: verdana, geneva;\"><strong><span class=\"Apple-converted-space\" style=\"color: #808080;\">Anmeldung f\u00fcr das Schuljahr 2025\/26<\/span><\/strong><\/span><\/h1>\n<h2><span style=\"color: #008080; font-size: 22px; font-family: verdana, geneva;\">Anmeldezeitraum<\/span><\/h2>\n<hr>\n<p><span style=\"font-family: verdana, geneva; color: #333333;\">Sehr geehrte Eltern,<\/span><\/p>\n<p><span style=\"font-family: verdana, geneva; color: #333333;\">Sie k\u00f6nnen Ihr Kind f\u00fcr das Schuljahr 2025\/26 von <span style=\"color: #ff6600; font-size: 15px;\">Montag, 05.05.2025 bis Mittwoch, 07.05.2025<\/span> jeweils von <span style=\"color: #ff6600; font-size: 15px;\">08:30 Uhr bis 12:00 Uhr<\/span> und von <span style=\"font-size: 15px; color: #ff6600;\">13:00 Uhr bis 16:00 Uhr <\/span><span style=\"font-size: 14px;\">pers\u00f6nlich im Sekretariat anmelden.<\/span><\/span><\/p>\n<p><span style=\"font-family: verdana, geneva; font-size: 14px; color: #333333;\">Sie k\u00f6nnen Ihre Anmeldeunterlagen an diesen Tagen auch direkt in den Briefkasten beim Eingang einwerfen.<span class=\"Apple-converted-space\">&nbsp;<\/span><\/span><\/p>\n<p>&nbsp;<\/p>\n<h2><span style=\"color: #008080; font-size: 22px; font-family: verdana, geneva;\">Unterlagen<\/span><\/h2>\n<hr>\n<ul>\n<li><span style=\"font-family: verdana, geneva;\">Geburtsurkunde in Kopie<span class=\"Apple-converted-space\">&nbsp;<\/span><\/span><\/li>\n<li><span style=\"font-family: verdana, geneva;\">ggf. Sorgerechtsbeschluss<span class=\"Apple-converted-space\">&nbsp;<\/span><\/span><\/li>\n<li><span style=\"font-family: verdana, geneva;\"><span style=\"color: #0000ff;\"><span style=\"color: #000000;\"><span style=\"font-family: verdana, geneva; font-size: 14px;\">maschinell ausgef\u00fclltes und ausgedrucktes<\/span>&nbsp;<a href=\"https:\/\/uebertritt.realschule-hoechstadt.de\/wp-content\/uploads\/2025\/04\/3_Anmeldeformular-6-10.pdf\" target=\"_blank\" rel=\"noopener\">Anmeldeformular<\/a><\/span> <\/span>f\u00fcr die 6. \u2013 10. Jahrgangsstufe<\/span><\/li>\n<li><span style=\"font-family: verdana, geneva;\">Zwischenzeugnis\/Zwischenbericht in Kopie<\/span><\/li>\n<li><span style=\"font-family: verdana, geneva; font-size: 14px;\">ggf. Bescheinigung bei einer Lese- und\/oder Rechtschreibst\u00f6rung<span class=\"Apple-converted-space\"> sowie folgende Formulare:<\/span><\/span>\n<p class=\"show_emph\"><span style=\"font-size: 14px; font-family: verdana, geneva;\"><a title=\"Nachteilsausgleich-Notenschutz Antrag 2023-10\" href=\"https:\/\/beratung.realschule-hoechstadt.de\/wp-content\/uploads\/2024\/10\/Nachteilsausgleich-Notenschutz.Antrag.2024-10.pdf\" target=\"_blank\" rel=\"noopener\">Antrag Nachteilsausgleich Notenschutz<\/a><\/span><\/p>\n<p><span style=\"font-size: 14px; font-family: verdana, geneva;\"><a title=\"Lese-Rechtschreibstoerung Elternfragebogen 2023-10\" href=\"https:\/\/beratung.realschule-hoechstadt.de\/wp-content\/uploads\/2024\/10\/Lese-Rechtschreibstoerung.Elternfragebogen.2024-10.pdf\" target=\"_blank\" rel=\"noopener\">Elternfragebogen Lese- und\/oder Rechtschreibst\u00f6rung<\/a><\/span><\/li>\n<li><span style=\"font-family: verdana, geneva;\">ggf. Busantr\u00e4ge (nur bei Schulweg \u00fcber 3 km) Antrag Kostenfreiheit Schulweg ERH online \u00fcber <a href=\"https:\/\/www.vgn.de\/service\/smaxi\" target=\"_blank\" rel=\"noopener\">VGNsmaxi<\/a><span class=\"Apple-converted-space\">&nbsp;<\/span><\/span><\/li>\n<li><span style=\"font-family: verdana, geneva;\">Antrag Kostenfreiheit Schulweg BA und NEA online \u00fcber <a href=\"http:\/\/www.schulantrag.de\/?AntrSchKein=1&amp;sch=0778\" target=\"_blank\" rel=\"noopener\">Schulantrag<\/a> (ausgef\u00fclltes Formular ausdrucken, unterschreiben und zur Anmeldung mitbringen)<span class=\"Apple-converted-space\">&nbsp;<\/span><\/span><\/li>\n<li><span style=\"font-family: verdana, geneva;\">Alle Landkreise: Bestellschein Verbundpass nur online \u00fcber <a href=\"https:\/\/www.vgn.de\/service\/smaxi\" target=\"_blank\" rel=\"noopener\">VGNsmaxi<\/a><span class=\"Apple-converted-space\">&nbsp;<\/span><\/span><\/li>\n<\/ul>\n<p>&nbsp;<\/p>\n<p><span style=\"font-family: verdana, geneva;\">Die <span style=\"color: #ff6600; font-size: 15px;\">endg\u00fcltige Anmeldung<\/span> kann erst mit dem Jahreszeugnis im Original am <span style=\"color: #ff6600; font-size: 15px;\">1. August 2025<\/span><span style=\"font-size: 14px;\"> (08:00 Uhr \u2013 14:00 Uhr)<\/span> erfolgen.<span class=\"Apple-converted-space\">&nbsp;<\/span><\/span><\/p>\n<p><span style=\"font-family: verdana, geneva;\">Alle Informationen auf einem Blick finden Sie in dieser <a href=\"https:\/\/uebertritt.realschule-hoechstadt.de\/wp-content\/uploads\/2025\/03\/1_Informationen-zur-Anmeldung-1.pdf\" target=\"_blank\" rel=\"noopener\">\u00dcbersicht<\/a>.<\/span><\/p>\n<p><span style=\"font-family: verdana, geneva;\">Unser Sekret\u00e4rinnen und die Schulleitung stehen Ihnen f\u00fcr ein Beratungsgespr\u00e4ch zum \u00dcbertritt gerne zur Verf\u00fcgung. Bitte vereinbaren Sie einen Termin unter <span style=\"font-size: 15px;\"><span style=\"color: #ff6600;\">09193 508190<\/span>.<\/span><\/span><\/p>\n<p>&nbsp;<\/p>\n<h2><span style=\"color: #008080; font-family: verdana, geneva; font-size: 22px;\">Hinweise zum Sch\u00fclertransport<\/span><\/h2>\n<hr>\n<p><span style=\"font-family: verdana, geneva;\"><a href=\"https:\/\/uebertritt.realschule-hoechstadt.de\/wp-content\/uploads\/2025\/03\/5_Hinweisblatt-Schuelerbefoerderung-LK-ERH.pdf\" target=\"_blank\" rel=\"noopener\">Hinweisblatt zur Sch\u00fclerbef\u00f6rderung Landkreis Erlangen-H\u00f6chstadt<\/a><\/span><\/p>\n<p><span style=\"font-family: verdana, geneva;\"><a href=\"https:\/\/uebertritt.realschule-hoechstadt.de\/wp-content\/uploads\/2025\/03\/6_Hinweisblatt-Schuelerbefoerderung-LK-NEA.pdf\" target=\"_blank\" rel=\"noopener\">Hinweisblatt zur Sch\u00fclerbef\u00f6rderung Landkreis Neustadt a.d. Aisch<\/a><\/span><\/p>\n<p><span style=\"font-family: verdana, geneva;\"><a href=\"https:\/\/uebertritt.realschule-hoechstadt.de\/wp-content\/uploads\/2025\/03\/7_Hinweisblatt-Schuelerbefoerderung-LK-BA.pdf\" target=\"_blank\" rel=\"noopener\">Hinweisblatt zur Sch\u00fclerbef\u00f6rderung Landkreis Bamberg<\/a><\/span><\/p>\n<p>&nbsp;<\/p>\n","protected":false},"excerpt":{"rendered":"<p>&nbsp; Anmeldung f\u00fcr das Schuljahr 2025\/26 Anmeldezeitraum Sehr geehrte Eltern, Sie k\u00f6nnen Ihr Kind f\u00fcr das Schuljahr 2025\/26 von Montag, 05.05.2025 bis Mittwoch, 07.05.2025 jeweils von 08:30 Uhr bis 12:00 Uhr und von 13:00 Uhr bis 16:00 Uhr pers\u00f6nlich im Sekretariat anmelden. Sie k\u00f6nnen Ihre Anmeldeunterlagen an diesen Tagen auch direkt in den Briefkasten beim [&hellip;]<\/p>\n","protected":false},"author":2,"featured_media":0,"parent":24,"menu_order":0,"comment_status":"closed","ping_status":"closed","template":"","meta":{"ngg_post_thumbnail":0,"footnotes":""},"class_list":["post-388","page","type-page","status-publish","hentry"],"_links":{"self":[{"href":"https:\/\/uebertritt.realschule-hoechstadt.de\/index.php?rest_route=\/wp\/v2\/pages\/388","targetHints":{"allow":["GET"]}}],"collection":[{"href":"https:\/\/uebertritt.realschule-hoechstadt.de\/index.php?rest_route=\/wp\/v2\/pages"}],"about":[{"href":"https:\/\/uebertritt.realschule-hoechstadt.de\/index.php?rest_route=\/wp\/v2\/types\/page"}],"author":[{"embeddable":true,"href":"https:\/\/uebertritt.realschule-hoechstadt.de\/index.php?rest_route=\/wp\/v2\/users\/2"}],"replies":[{"embeddable":true,"href":"https:\/\/uebertritt.realschule-hoechstadt.de\/index.php?rest_route=%2Fwp%2Fv2%2Fcomments&post=388"}],"version-history":[{"count":27,"href":"https:\/\/uebertritt.realschule-hoechstadt.de\/index.php?rest_route=\/wp\/v2\/pages\/388\/revisions"}],"predecessor-version":[{"id":603,"href":"https:\/\/uebertritt.realschule-hoechstadt.de\/index.php?rest_route=\/wp\/v2\/pages\/388\/revisions\/603"}],"up":[{"embeddable":true,"href":"https:\/\/uebertritt.realschule-hoechstadt.de\/index.php?rest_route=\/wp\/v2\/pages\/24"}],"wp:attachment":[{"href":"https:\/\/uebertritt.realschule-hoechstadt.de\/index.php?rest_route=%2Fwp%2Fv2%2Fmedia&parent=388"}],"curies":[{"name":"wp","href":"https:\/\/api.w.org\/{rel}","templated":true}]}}